{"id":144,"date":"2020-01-20T09:53:27","date_gmt":"2020-01-20T08:53:27","guid":{"rendered":"http:\/\/hans-kleemann.de\/HK\/?page_id=144"},"modified":"2020-02-08T15:10:27","modified_gmt":"2020-02-08T14:10:27","slug":"home","status":"publish","type":"page","link":"https:\/\/hans-kleemann.de\/HK\/","title":{"rendered":"Home"},"content":{"rendered":"\t\t<div data-elementor-type=\"wp-page\" data-elementor-id=\"144\" class=\"elementor elementor-144\">\n\t\t\t\t\t\t<div class=\"elementor-inner\">\n\t\t\t\t<div class=\"elementor-section-wrap\">\n\t\t\t\t\t\t\t\t\t<section class=\"elementor-section elementor-top-section elementor-element elementor-element-b5de1a5 elementor-section-full_width elementor-section-height-min-height elementor-section-height-default elementor-section-items-middle\" data-id=\"b5de1a5\" data-element_type=\"section\" data-settings=\"{&quot;background_background&quot;:&quot;classic&quot;}\">\n\t\t\t\t\t\t<div class=\"elementor-container elementor-column-gap-default\">\n\t\t\t\t\t\t\t<div class=\"elementor-row\">\n\t\t\t\t\t<div class=\"elementor-column elementor-col-100 elementor-top-column elementor-element elementor-element-2eba669\" data-id=\"2eba669\" data-element_type=\"column\">\n\t\t\t<div class=\"elementor-column-wrap\">\n\t\t\t\t\t\t\t<div class=\"elementor-widget-wrap\">\n\t\t\t\t\t\t\t\t<\/div>\n\t\t\t\t\t<\/div>\n\t\t<\/div>\n\t\t\t\t\t\t\t\t<\/div>\n\t\t\t\t\t<\/div>\n\t\t<\/section>\n\t\t\t\t<section class=\"elementor-section elementor-top-section elementor-element elementor-element-8f11b87 elementor-section-boxed elementor-section-height-default elementor-section-height-default\" data-id=\"8f11b87\" data-element_type=\"section\">\n\t\t\t\t\t\t<div class=\"elementor-container elementor-column-gap-default\">\n\t\t\t\t\t\t\t<div class=\"elementor-row\">\n\t\t\t\t\t<div class=\"elementor-column elementor-col-100 elementor-top-column elementor-element elementor-element-c6e1acc\" data-id=\"c6e1acc\" data-element_type=\"column\">\n\t\t\t<div class=\"elementor-column-wrap elementor-element-populated\">\n\t\t\t\t\t\t\t<div class=\"elementor-widget-wrap\">\n\t\t\t\t\t\t<div class=\"elementor-element elementor-element-982ae2d elementor-widget elementor-widget-spacer\" data-id=\"982ae2d\" data-element_type=\"widget\" data-widget_type=\"spacer.default\">\n\t\t\t\t<div class=\"elementor-widget-container\">\n\t\t\t\t\t<div class=\"elementor-spacer\">\n\t\t\t<div class=\"elementor-spacer-inner\"><\/div>\n\t\t<\/div>\n\t\t\t\t<\/div>\n\t\t\t\t<\/div>\n\t\t\t\t<div class=\"elementor-element elementor-element-3680260 animated-slow elementor-invisible elementor-widget elementor-widget-heading\" data-id=\"3680260\" data-element_type=\"widget\" data-settings=\"{&quot;_animation&quot;:&quot;zoomIn&quot;,&quot;_animation_delay&quot;:700}\" data-widget_type=\"heading.default\">\n\t\t\t\t<div class=\"elementor-widget-container\">\n\t\t\t<h2 class=\"elementor-heading-title elementor-size-default\">Qualit\u00e4t und Know-How f\u00fcr Ihr Projekt<\/h2>\t\t<\/div>\n\t\t\t\t<\/div>\n\t\t\t\t\t\t<\/div>\n\t\t\t\t\t<\/div>\n\t\t<\/div>\n\t\t\t\t\t\t\t\t<\/div>\n\t\t\t\t\t<\/div>\n\t\t<\/section>\n\t\t\t\t<section class=\"elementor-section elementor-top-section elementor-element elementor-element-42a6484 elementor-section-boxed elementor-section-height-default elementor-section-height-default\" data-id=\"42a6484\" data-element_type=\"section\">\n\t\t\t\t\t\t<div class=\"elementor-container elementor-column-gap-default\">\n\t\t\t\t\t\t\t<div class=\"elementor-row\">\n\t\t\t\t\t<div class=\"elementor-column elementor-col-100 elementor-top-column elementor-element elementor-element-da467b4\" data-id=\"da467b4\" data-element_type=\"column\">\n\t\t\t<div class=\"elementor-column-wrap elementor-element-populated\">\n\t\t\t\t\t\t\t<div class=\"elementor-widget-wrap\">\n\t\t\t\t\t\t<div class=\"elementor-element elementor-element-c59f31a elementor-widget elementor-widget-spacer\" data-id=\"c59f31a\" data-element_type=\"widget\" data-widget_type=\"spacer.default\">\n\t\t\t\t<div class=\"elementor-widget-container\">\n\t\t\t\t\t<div class=\"elementor-spacer\">\n\t\t\t<div class=\"elementor-spacer-inner\"><\/div>\n\t\t<\/div>\n\t\t\t\t<\/div>\n\t\t\t\t<\/div>\n\t\t\t\t<div class=\"elementor-element elementor-element-2753a42 elementor-widget-divider--view-line elementor-widget elementor-widget-divider\" data-id=\"2753a42\" data-element_type=\"widget\" data-widget_type=\"divider.default\">\n\t\t\t\t<div class=\"elementor-widget-container\">\n\t\t\t\t\t<div class=\"elementor-divider\">\n\t\t\t<span class=\"elementor-divider-separator\">\n\t\t\t\t\t\t<\/span>\n\t\t<\/div>\n\t\t\t\t<\/div>\n\t\t\t\t<\/div>\n\t\t\t\t\t\t<\/div>\n\t\t\t\t\t<\/div>\n\t\t<\/div>\n\t\t\t\t\t\t\t\t<\/div>\n\t\t\t\t\t<\/div>\n\t\t<\/section>\n\t\t\t\t<section class=\"elementor-section elementor-top-section elementor-element elementor-element-be560f3 elementor-section-boxed elementor-section-height-default elementor-section-height-default\" data-id=\"be560f3\" data-element_type=\"section\">\n\t\t\t\t\t\t<div class=\"elementor-container elementor-column-gap-default\">\n\t\t\t\t\t\t\t<div class=\"elementor-row\">\n\t\t\t\t\t<div class=\"elementor-column elementor-col-50 elementor-top-column elementor-element elementor-element-0fc9500\" data-id=\"0fc9500\" data-element_type=\"column\">\n\t\t\t<div class=\"elementor-column-wrap elementor-element-populated\">\n\t\t\t\t\t\t\t<div class=\"elementor-widget-wrap\">\n\t\t\t\t\t\t<div class=\"elementor-element elementor-element-28718cd elementor-position-top elementor-vertical-align-top elementor-widget elementor-widget-image-box\" data-id=\"28718cd\" data-element_type=\"widget\" data-settings=\"{&quot;_animation&quot;:&quot;none&quot;}\" data-widget_type=\"image-box.default\">\n\t\t\t\t<div class=\"elementor-widget-container\">\n\t\t\t<div class=\"elementor-image-box-wrapper\"><figure class=\"elementor-image-box-img\"><a href=\"http:\/\/hans-kleemann.de\/HK\/ueber-uns\/\"><img loading=\"lazy\" decoding=\"async\" width=\"768\" height=\"512\" src=\"https:\/\/hans-kleemann.de\/HK\/wp-content\/uploads\/2020\/01\/IMG_2158-768x512.jpg\" class=\"attachment-medium_large size-medium_large wp-image-170\" alt=\"\" srcset=\"https:\/\/hans-kleemann.de\/HK\/wp-content\/uploads\/2020\/01\/IMG_2158-768x512.jpg 768w, https:\/\/hans-kleemann.de\/HK\/wp-content\/uploads\/2020\/01\/IMG_2158-300x200.jpg 300w, https:\/\/hans-kleemann.de\/HK\/wp-content\/uploads\/2020\/01\/IMG_2158-1024x683.jpg 1024w, https:\/\/hans-kleemann.de\/HK\/wp-content\/uploads\/2020\/01\/IMG_2158-1536x1024.jpg 1536w, https:\/\/hans-kleemann.de\/HK\/wp-content\/uploads\/2020\/01\/IMG_2158-2048x1365.jpg 2048w\" sizes=\"auto, (max-width: 768px) 100vw, 768px\" \/><\/a><\/figure><div class=\"elementor-image-box-content\"><h3 class=\"elementor-image-box-title\"><a href=\"http:\/\/hans-kleemann.de\/HK\/ueber-uns\/\">\u00dcber uns<\/a><\/h3><\/div><\/div>\t\t<\/div>\n\t\t\t\t<\/div>\n\t\t\t\t<div class=\"elementor-element elementor-element-bb194ff elementor-position-top elementor-vertical-align-top elementor-widget elementor-widget-image-box\" data-id=\"bb194ff\" data-element_type=\"widget\" data-settings=\"{&quot;_animation&quot;:&quot;none&quot;}\" data-widget_type=\"image-box.default\">\n\t\t\t\t<div class=\"elementor-widget-container\">\n\t\t\t<div class=\"elementor-image-box-wrapper\"><figure class=\"elementor-image-box-img\"><a href=\"http:\/\/hans-kleemann.de\/HK\/stellenmarkt\/\"><img loading=\"lazy\" decoding=\"async\" width=\"768\" height=\"512\" src=\"https:\/\/hans-kleemann.de\/HK\/wp-content\/uploads\/2020\/01\/P1120043-2-768x512.jpg\" class=\"attachment-medium_large size-medium_large wp-image-285\" alt=\"\" srcset=\"https:\/\/hans-kleemann.de\/HK\/wp-content\/uploads\/2020\/01\/P1120043-2-768x512.jpg 768w, https:\/\/hans-kleemann.de\/HK\/wp-content\/uploads\/2020\/01\/P1120043-2-300x200.jpg 300w, https:\/\/hans-kleemann.de\/HK\/wp-content\/uploads\/2020\/01\/P1120043-2-1024x683.jpg 1024w, https:\/\/hans-kleemann.de\/HK\/wp-content\/uploads\/2020\/01\/P1120043-2-1536x1024.jpg 1536w, https:\/\/hans-kleemann.de\/HK\/wp-content\/uploads\/2020\/01\/P1120043-2-2048x1365.jpg 2048w\" sizes=\"auto, (max-width: 768px) 100vw, 768px\" \/><\/a><\/figure><div class=\"elementor-image-box-content\"><h3 class=\"elementor-image-box-title\"><a href=\"http:\/\/hans-kleemann.de\/HK\/stellenmarkt\/\">Karriere<\/a><\/h3><\/div><\/div>\t\t<\/div>\n\t\t\t\t<\/div>\n\t\t\t\t\t\t<\/div>\n\t\t\t\t\t<\/div>\n\t\t<\/div>\n\t\t\t\t<div class=\"elementor-column elementor-col-50 elementor-top-column elementor-element elementor-element-f22f92d\" data-id=\"f22f92d\" data-element_type=\"column\">\n\t\t\t<div class=\"elementor-column-wrap elementor-element-populated\">\n\t\t\t\t\t\t\t<div class=\"elementor-widget-wrap\">\n\t\t\t\t\t\t<div class=\"elementor-element elementor-element-afb8685 elementor-position-top elementor-vertical-align-top elementor-widget elementor-widget-image-box\" data-id=\"afb8685\" data-element_type=\"widget\" data-settings=\"{&quot;_animation&quot;:&quot;none&quot;}\" data-widget_type=\"image-box.default\">\n\t\t\t\t<div class=\"elementor-widget-container\">\n\t\t\t<div class=\"elementor-image-box-wrapper\"><figure class=\"elementor-image-box-img\"><a href=\"http:\/\/hans-kleemann.de\/HK\/aktuelles\/\"><img loading=\"lazy\" decoding=\"async\" width=\"768\" height=\"512\" src=\"https:\/\/hans-kleemann.de\/HK\/wp-content\/uploads\/2020\/01\/IMG_2143-1-768x512.jpg\" class=\"attachment-medium_large size-medium_large wp-image-339\" alt=\"\" srcset=\"https:\/\/hans-kleemann.de\/HK\/wp-content\/uploads\/2020\/01\/IMG_2143-1-768x512.jpg 768w, https:\/\/hans-kleemann.de\/HK\/wp-content\/uploads\/2020\/01\/IMG_2143-1-300x200.jpg 300w, https:\/\/hans-kleemann.de\/HK\/wp-content\/uploads\/2020\/01\/IMG_2143-1-1024x683.jpg 1024w, https:\/\/hans-kleemann.de\/HK\/wp-content\/uploads\/2020\/01\/IMG_2143-1-1536x1024.jpg 1536w, https:\/\/hans-kleemann.de\/HK\/wp-content\/uploads\/2020\/01\/IMG_2143-1-2048x1365.jpg 2048w\" sizes=\"auto, (max-width: 768px) 100vw, 768px\" \/><\/a><\/figure><div class=\"elementor-image-box-content\"><h3 class=\"elementor-image-box-title\"><a href=\"http:\/\/hans-kleemann.de\/HK\/aktuelles\/\">Aktuelles<\/a><\/h3><\/div><\/div>\t\t<\/div>\n\t\t\t\t<\/div>\n\t\t\t\t<div class=\"elementor-element elementor-element-0abfea5 elementor-position-top elementor-vertical-align-top elementor-widget elementor-widget-image-box\" data-id=\"0abfea5\" data-element_type=\"widget\" data-settings=\"{&quot;_animation&quot;:&quot;none&quot;}\" data-widget_type=\"image-box.default\">\n\t\t\t\t<div class=\"elementor-widget-container\">\n\t\t\t<div class=\"elementor-image-box-wrapper\"><figure class=\"elementor-image-box-img\"><a href=\"http:\/\/hans-kleemann.de\/HK\/kontakt\/\"><img loading=\"lazy\" decoding=\"async\" width=\"768\" height=\"512\" src=\"https:\/\/hans-kleemann.de\/HK\/wp-content\/uploads\/2020\/01\/P1110979-1-768x512.jpg\" class=\"attachment-medium_large size-medium_large wp-image-343\" alt=\"\" srcset=\"https:\/\/hans-kleemann.de\/HK\/wp-content\/uploads\/2020\/01\/P1110979-1-768x512.jpg 768w, https:\/\/hans-kleemann.de\/HK\/wp-content\/uploads\/2020\/01\/P1110979-1-300x200.jpg 300w, https:\/\/hans-kleemann.de\/HK\/wp-content\/uploads\/2020\/01\/P1110979-1-1024x683.jpg 1024w, https:\/\/hans-kleemann.de\/HK\/wp-content\/uploads\/2020\/01\/P1110979-1-1536x1024.jpg 1536w, https:\/\/hans-kleemann.de\/HK\/wp-content\/uploads\/2020\/01\/P1110979-1-2048x1365.jpg 2048w\" sizes=\"auto, (max-width: 768px) 100vw, 768px\" \/><\/a><\/figure><div class=\"elementor-image-box-content\"><h3 class=\"elementor-image-box-title\"><a href=\"http:\/\/hans-kleemann.de\/HK\/kontakt\/\">Kontakt<\/a><\/h3><\/div><\/div>\t\t<\/div>\n\t\t\t\t<\/div>\n\t\t\t\t\t\t<\/div>\n\t\t\t\t\t<\/div>\n\t\t<\/div>\n\t\t\t\t\t\t\t\t<\/div>\n\t\t\t\t\t<\/div>\n\t\t<\/section>\n\t\t\t\t<section class=\"elementor-section elementor-top-section elementor-element elementor-element-eee35c6 elementor-section-boxed elementor-section-height-default elementor-section-height-default\" data-id=\"eee35c6\" data-element_type=\"section\">\n\t\t\t\t\t\t<div class=\"elementor-container elementor-column-gap-default\">\n\t\t\t\t\t\t\t<div class=\"elementor-row\">\n\t\t\t\t\t<div class=\"elementor-column elementor-col-100 elementor-top-column elementor-element elementor-element-672e609\" data-id=\"672e609\" data-element_type=\"column\">\n\t\t\t<div class=\"elementor-column-wrap elementor-element-populated\">\n\t\t\t\t\t\t\t<div class=\"elementor-widget-wrap\">\n\t\t\t\t\t\t<div class=\"elementor-element elementor-element-58b0e45 elementor-widget elementor-widget-spacer\" data-id=\"58b0e45\" data-element_type=\"widget\" data-widget_type=\"spacer.default\">\n\t\t\t\t<div class=\"elementor-widget-container\">\n\t\t\t\t\t<div class=\"elementor-spacer\">\n\t\t\t<div class=\"elementor-spacer-inner\"><\/div>\n\t\t<\/div>\n\t\t\t\t<\/div>\n\t\t\t\t<\/div>\n\t\t\t\t\t\t<\/div>\n\t\t\t\t\t<\/div>\n\t\t<\/div>\n\t\t\t\t\t\t\t\t<\/div>\n\t\t\t\t\t<\/div>\n\t\t<\/section>\n\t\t\t\t\t\t\t\t\t<\/div>\n\t\t\t<\/div>\n\t\t\t\t\t<\/div>\n\t\t","protected":false},"excerpt":{"rendered":"<p>Qualit\u00e4t und Know-How f\u00fcr Ihr Projekt \u00dcber uns Karriere Aktuelles Kontakt<\/p>\n","protected":false},"author":2,"featured_media":0,"parent":0,"menu_order":0,"comment_status":"closed","ping_status":"closed","template":"","meta":{"footnotes":""},"class_list":["post-144","page","type-page","status-publish","hentry","entry"],"_links":{"self":[{"href":"https:\/\/hans-kleemann.de\/HK\/wp-json\/wp\/v2\/pages\/144","targetHints":{"allow":["GET"]}}],"collection":[{"href":"https:\/\/hans-kleemann.de\/HK\/wp-json\/wp\/v2\/pages"}],"about":[{"href":"https:\/\/hans-kleemann.de\/HK\/wp-json\/wp\/v2\/types\/page"}],"author":[{"embeddable":true,"href":"https:\/\/hans-kleemann.de\/HK\/wp-json\/wp\/v2\/users\/2"}],"replies":[{"embeddable":true,"href":"https:\/\/hans-kleemann.de\/HK\/wp-json\/wp\/v2\/comments?post=144"}],"version-history":[{"count":36,"href":"https:\/\/hans-kleemann.de\/HK\/wp-json\/wp\/v2\/pages\/144\/revisions"}],"predecessor-version":[{"id":390,"href":"https:\/\/hans-kleemann.de\/HK\/wp-json\/wp\/v2\/pages\/144\/revisions\/390"}],"wp:attachment":[{"href":"https:\/\/hans-kleemann.de\/HK\/wp-json\/wp\/v2\/media?parent=144"}],"curies":[{"name":"wp","href":"https:\/\/api.w.org\/{rel}","templated":true}]}}