{"id":186,"date":"2020-01-22T14:49:18","date_gmt":"2020-01-22T13:49:18","guid":{"rendered":"http:\/\/hans-kleemann.de\/HK\/?page_id=186"},"modified":"2022-03-04T06:39:55","modified_gmt":"2022-03-04T05:39:55","slug":"impressum","status":"publish","type":"page","link":"https:\/\/hans-kleemann.de\/HK\/impressum\/","title":{"rendered":"Impressum"},"content":{"rendered":"\t\t<div data-elementor-type=\"wp-page\" data-elementor-id=\"186\" class=\"elementor elementor-186\">\n\t\t\t\t\t\t<div class=\"elementor-inner\">\n\t\t\t\t<div class=\"elementor-section-wrap\">\n\t\t\t\t\t\t\t\t\t<section class=\"elementor-section elementor-top-section elementor-element elementor-element-597bfb9 elementor-section-boxed elementor-section-height-default elementor-section-height-default\" data-id=\"597bfb9\" data-element_type=\"section\">\n\t\t\t\t\t\t<div class=\"elementor-container elementor-column-gap-default\">\n\t\t\t\t\t\t\t<div class=\"elementor-row\">\n\t\t\t\t\t<div class=\"elementor-column elementor-col-100 elementor-top-column elementor-element elementor-element-92c7a4b\" data-id=\"92c7a4b\" data-element_type=\"column\">\n\t\t\t<div class=\"elementor-column-wrap elementor-element-populated\">\n\t\t\t\t\t\t\t<div class=\"elementor-widget-wrap\">\n\t\t\t\t\t\t<div class=\"elementor-element elementor-element-5b44671 elementor-widget elementor-widget-spacer\" data-id=\"5b44671\" data-element_type=\"widget\" data-widget_type=\"spacer.default\">\n\t\t\t\t<div class=\"elementor-widget-container\">\n\t\t\t\t\t<div class=\"elementor-spacer\">\n\t\t\t<div class=\"elementor-spacer-inner\"><\/div>\n\t\t<\/div>\n\t\t\t\t<\/div>\n\t\t\t\t<\/div>\n\t\t\t\t<div class=\"elementor-element elementor-element-e4ff654 elementor-widget elementor-widget-heading\" data-id=\"e4ff654\" data-element_type=\"widget\" data-widget_type=\"heading.default\">\n\t\t\t\t<div class=\"elementor-widget-container\">\n\t\t\t<h2 class=\"elementor-heading-title elementor-size-default\">IMPRESSUM<\/h2>\t\t<\/div>\n\t\t\t\t<\/div>\n\t\t\t\t<div class=\"elementor-element elementor-element-a73338c elementor-widget-divider--view-line elementor-widget elementor-widget-divider\" data-id=\"a73338c\" data-element_type=\"widget\" data-widget_type=\"divider.default\">\n\t\t\t\t<div class=\"elementor-widget-container\">\n\t\t\t\t\t<div class=\"elementor-divider\">\n\t\t\t<span class=\"elementor-divider-separator\">\n\t\t\t\t\t\t<\/span>\n\t\t<\/div>\n\t\t\t\t<\/div>\n\t\t\t\t<\/div>\n\t\t\t\t\t\t<\/div>\n\t\t\t\t\t<\/div>\n\t\t<\/div>\n\t\t\t\t\t\t\t\t<\/div>\n\t\t\t\t\t<\/div>\n\t\t<\/section>\n\t\t\t\t<section class=\"elementor-section elementor-top-section elementor-element elementor-element-b80c4b9 elementor-section-boxed elementor-section-height-default elementor-section-height-default\" data-id=\"b80c4b9\" data-element_type=\"section\">\n\t\t\t\t\t\t<div class=\"elementor-container elementor-column-gap-default\">\n\t\t\t\t\t\t\t<div class=\"elementor-row\">\n\t\t\t\t\t<div class=\"elementor-column elementor-col-100 elementor-top-column elementor-element elementor-element-96f50b8\" data-id=\"96f50b8\" data-element_type=\"column\">\n\t\t\t<div class=\"elementor-column-wrap elementor-element-populated\">\n\t\t\t\t\t\t\t<div class=\"elementor-widget-wrap\">\n\t\t\t\t\t\t<div class=\"elementor-element elementor-element-289a820 elementor-widget elementor-widget-text-editor\" data-id=\"289a820\" data-element_type=\"widget\" data-widget_type=\"text-editor.default\">\n\t\t\t\t<div class=\"elementor-widget-container\">\n\t\t\t\t\t\t\t\t<div class=\"elementor-text-editor elementor-clearfix\">\n\t\t\t\t<p><strong>Betreiber der Seite:<\/strong><br \/>Hans Kleemann GmbH<br \/>Schwalbenweg 1<br \/>93197 Zeitlarn<\/p><p>Handelsregister: HRB Regensburg, Nr. 4679<\/p><p>Vertreten durch:<br \/>Dipl-Ing(FH) Hans Kleemann, MBA, MA<\/p><p>Kontakt<br \/>Telefon: +49 (0) 941 6 36 90<br \/>E-Mail: info[at]hans-kleemann.de<br \/>Umsatzsteuer-ID: DE133701918<\/p><p><strong>\u00a0<\/strong><\/p><p><strong>Haftung f\u00fcr Inhalte<\/strong><br \/>Als Diensteanbieter sind wir gem\u00e4\u00df \u00a7 7 Abs.1 TMG f\u00fcr eigene Inhalte auf diesen Seiten nach den<br \/>allgemeinen Gesetzen verantwortlich. Nach \u00a7\u00a7 8 bis 10 TMG sind wir als Diensteanbieter jedoch nicht<br \/>verpflichtet, \u00fcbermittelte oder gespeicherte fremde Informationen zu \u00fcberwachen oder nach Umst\u00e4nden zu<br \/>forschen, die auf eine rechtswidrige T\u00e4tigkeit hinweisen.<br \/>Verpflichtungen zur Entfernung oder Sperrung der Nutzung von Informationen nach den allgemeinen<br \/>Gesetzen bleiben hiervon unber\u00fchrt. Eine diesbez\u00fcgliche Haftung ist jedoch erst ab dem Zeitpunkt der<br \/>Kenntnis einer konkreten Rechtsverletzung m\u00f6glich. Bei Bekanntwerden von entsprechenden<br \/>Rechtsverletzungen werden wir diese Inhalte umgehend entfernen.<\/p><p><strong>Haftung f\u00fcr Links<\/strong><br \/>Unser Angebot enth\u00e4lt Links zu externen Websites Dritter, auf deren Inhalte wir keinen Einfluss haben.<br \/>Deshalb k\u00f6nnen wir f\u00fcr diese fremden Inhalte auch keine Gew\u00e4hr \u00fcbernehmen. F\u00fcr die Inhalte der<br \/>verlinkten Seiten ist stets der jeweilige Anbieter oder Betreiber der Seiten verantwortlich. Die verlinkten<br \/>Seiten wurden zum Zeitpunkt der Verlinkung auf m\u00f6gliche Rechtsverst\u00f6\u00dfe \u00fcberpr\u00fcft. Rechtswidrige Inhalte<br \/>waren zum Zeitpunkt der Verlinkung nicht erkennbar.<br \/>Eine permanente inhaltliche Kontrolle der verlinkten Seiten ist jedoch ohne konkrete Anhaltspunkte einer<br \/>Rechtsverletzung nicht zumutbar. Bei Bekanntwerden von Rechtsverletzungen werden wir derartige Links<br \/>umgehend entfernen.<\/p><p><strong>Urheberrecht<\/strong><br \/>Die durch die Seitenbetreiber erstellten Inhalte und Werke auf diesen Seiten unterliegen dem deutschen<br \/>Urheberrecht. Die Vervielf\u00e4ltigung, Bearbeitung, Verbreitung und jede Art der Verwertung au\u00dferhalb der<br \/>Grenzen des Urheberrechtes bed\u00fcrfen der schriftlichen Zustimmung des jeweiligen Autors bzw. Erstellers.<br \/>Downloads und Kopien dieser Seite sind nur f\u00fcr den privaten, nicht kommerziellen Gebrauch gestattet.<br \/>Soweit die Inhalte auf dieser Seite nicht vom Betreiber erstellt wurden, werden die Urheberrechte Dritter<br \/>beachtet. Insbesondere werden Inhalte Dritter als solche gekennzeichnet. Sollten Sie trotzdem auf eine<br \/>Urheberrechtsverletzung aufmerksam werden, bitten wir um einen entsprechenden Hinweis. Bei<br \/>Bekanntwerden von Rechtsverletzungen werden wir derartige Inhalte umgehend entfernen.<\/p><p><strong>Verbraucherstreitbeilegung\/Universalschlichtungsstelle<\/strong><br \/>Wir sind nicht bereit oder verpflichtet, an Streitbeilegungsverfahren vor einer<br \/>Verbraucherschlichtungsstelle teilzunehmen.<\/p>\t\t\t\t\t<\/div>\n\t\t\t\t\t\t<\/div>\n\t\t\t\t<\/div>\n\t\t\t\t\t\t<\/div>\n\t\t\t\t\t<\/div>\n\t\t<\/div>\n\t\t\t\t\t\t\t\t<\/div>\n\t\t\t\t\t<\/div>\n\t\t<\/section>\n\t\t\t\t\t\t\t\t\t<\/div>\n\t\t\t<\/div>\n\t\t\t\t\t<\/div>\n\t\t","protected":false},"excerpt":{"rendered":"<p>IMPRESSUM Betreiber der Seite: Hans Kleemann GmbH Schwalbenweg 1 93197 Zeitlarn Handelsregister: HRB Regensburg, Nr. 4679 Vertreten durch: Dipl-Ing(FH) Hans Kleemann, MBA, MA Kontakt Telefon: +49 (0) 941 6 36 90 E-Mail: info[at]hans-kleemann.de Umsatzsteuer-ID: DE133701918 &nbsp; Haftung f\u00fcr Inhalte Als Diensteanbieter sind wir gem\u00e4\u00df \u00a7 7 Abs.1 TMG f\u00fcr eigene Inhalte auf diesen Seiten nach [&hellip;]<\/p>\n","protected":false},"author":2,"featured_media":0,"parent":0,"menu_order":0,"comment_status":"closed","ping_status":"closed","template":"","meta":{"footnotes":""},"class_list":["post-186","page","type-page","status-publish","hentry","entry"],"_links":{"self":[{"href":"https:\/\/hans-kleemann.de\/HK\/wp-json\/wp\/v2\/pages\/186","targetHints":{"allow":["GET"]}}],"collection":[{"href":"https:\/\/hans-kleemann.de\/HK\/wp-json\/wp\/v2\/pages"}],"about":[{"href":"https:\/\/hans-kleemann.de\/HK\/wp-json\/wp\/v2\/types\/page"}],"author":[{"embeddable":true,"href":"https:\/\/hans-kleemann.de\/HK\/wp-json\/wp\/v2\/users\/2"}],"replies":[{"embeddable":true,"href":"https:\/\/hans-kleemann.de\/HK\/wp-json\/wp\/v2\/comments?post=186"}],"version-history":[{"count":8,"href":"https:\/\/hans-kleemann.de\/HK\/wp-json\/wp\/v2\/pages\/186\/revisions"}],"predecessor-version":[{"id":401,"href":"https:\/\/hans-kleemann.de\/HK\/wp-json\/wp\/v2\/pages\/186\/revisions\/401"}],"wp:attachment":[{"href":"https:\/\/hans-kleemann.de\/HK\/wp-json\/wp\/v2\/media?parent=186"}],"curies":[{"name":"wp","href":"https:\/\/api.w.org\/{rel}","templated":true}]}}